{"id":111,"date":"2018-03-15T09:58:23","date_gmt":"2018-03-15T08:58:23","guid":{"rendered":"http:\/\/2malouins.com\/?page_id=111"},"modified":"2024-05-01T17:36:22","modified_gmt":"2024-05-01T15:36:22","slug":"news","status":"publish","type":"page","link":"https:\/\/2malouins.com\/?page_id=111","title":{"rendered":"NEWS"},"content":{"rendered":"\t\t<div data-elementor-type=\"wp-page\" data-elementor-id=\"111\" class=\"elementor elementor-111\">\n\t\t\t\t\t\t<section class=\"elementor-section elementor-top-section elementor-element elementor-element-96e5a06 elementor-section-boxed elementor-section-height-default elementor-section-height-default\" data-id=\"96e5a06\" data-element_type=\"section\">\n\t\t\t\t\t\t<div class=\"elementor-container elementor-column-gap-default\">\n\t\t\t\t\t<div class=\"elementor-column elementor-col-100 elementor-top-column elementor-element elementor-element-6acda66\" data-id=\"6acda66\" data-element_type=\"column\">\n\t\t\t<div class=\"elementor-widget-wrap\">\n\t\t\t\t\t\t\t<\/div>\n\t\t<\/div>\n\t\t\t\t\t<\/div>\n\t\t<\/section>\n\t\t\t\t<section class=\"elementor-section elementor-top-section elementor-element elementor-element-e66d997 elementor-section-boxed elementor-section-height-default elementor-section-height-default\" data-id=\"e66d997\" data-element_type=\"section\">\n\t\t\t\t\t\t<div class=\"elementor-container elementor-column-gap-default\">\n\t\t\t\t\t<div class=\"elementor-column elementor-col-100 elementor-top-column elementor-element elementor-element-80b8e8f\" data-id=\"80b8e8f\" data-element_type=\"column\">\n\t\t\t<div class=\"elementor-widget-wrap elementor-element-populated\">\n\t\t\t\t\t\t<div class=\"elementor-element elementor-element-049f0f6 elementor-widget elementor-widget-image\" data-id=\"049f0f6\" data-element_type=\"widget\" data-widget_type=\"image.default\">\n\t\t\t\t<div class=\"elementor-widget-container\">\n\t\t\t\t\t\t\t\t\t\t\t\t\t<img fetchpriority=\"high\" decoding=\"async\" width=\"1024\" height=\"293\" src=\"https:\/\/2malouins.com\/wp-content\/uploads\/2024\/05\/Capture-decran-2024-05-01-a-17.35.35-1024x293.png\" class=\"attachment-large size-large wp-image-1323\" alt=\"\" srcset=\"https:\/\/2malouins.com\/wp-content\/uploads\/2024\/05\/Capture-decran-2024-05-01-a-17.35.35-1024x293.png 1024w, https:\/\/2malouins.com\/wp-content\/uploads\/2024\/05\/Capture-decran-2024-05-01-a-17.35.35-300x86.png 300w, https:\/\/2malouins.com\/wp-content\/uploads\/2024\/05\/Capture-decran-2024-05-01-a-17.35.35-768x220.png 768w, https:\/\/2malouins.com\/wp-content\/uploads\/2024\/05\/Capture-decran-2024-05-01-a-17.35.35-1536x440.png 1536w, https:\/\/2malouins.com\/wp-content\/uploads\/2024\/05\/Capture-decran-2024-05-01-a-17.35.35.png 1922w\" sizes=\"(max-width: 1024px) 100vw, 1024px\" \/>\t\t\t\t\t\t\t\t\t\t\t\t\t<\/div>\n\t\t\t\t<\/div>\n\t\t\t\t<div class=\"elementor-element elementor-element-2f815fa elementor-widget-divider--view-line elementor-widget elementor-widget-divider\" data-id=\"2f815fa\" data-element_type=\"widget\" data-widget_type=\"divider.default\">\n\t\t\t\t<div class=\"elementor-widget-container\">\n\t\t\t\t\t<div class=\"elementor-divider\">\n\t\t\t<span class=\"elementor-divider-separator\">\n\t\t\t\t\t\t<\/span>\n\t\t<\/div>\n\t\t\t\t<\/div>\n\t\t\t\t<\/div>\n\t\t\t\t\t<\/div>\n\t\t<\/div>\n\t\t\t\t\t<\/div>\n\t\t<\/section>\n\t\t\t\t<section class=\"elementor-section elementor-top-section elementor-element elementor-element-a997a76 elementor-section-boxed elementor-section-height-default elementor-section-height-default\" data-id=\"a997a76\" data-element_type=\"section\">\n\t\t\t\t\t\t<div class=\"elementor-container elementor-column-gap-default\">\n\t\t\t\t\t<div class=\"elementor-column elementor-col-100 elementor-top-column elementor-element elementor-element-e75b0b2\" data-id=\"e75b0b2\" data-element_type=\"column\">\n\t\t\t<div class=\"elementor-widget-wrap elementor-element-populated\">\n\t\t\t\t\t\t<div class=\"elementor-element elementor-element-2302f3d elementor-invisible elementor-widget elementor-widget-wp-widget-recent-posts\" data-id=\"2302f3d\" data-element_type=\"widget\" data-settings=\"{&quot;_animation&quot;:&quot;fadeInUp&quot;}\" data-widget_type=\"wp-widget-recent-posts.default\">\n\t\t\t\t<div class=\"elementor-widget-container\">\n\t\t\t\n\t\t\n\t\t<h5>Toutes les news<\/h5>\n\t\t<ul>\n\t\t\t\t\t\t\t\t\t\t\t<li>\n\t\t\t\t\t<a href=\"https:\/\/2malouins.com\/?p=1476\">\u00c7a y est, c\u2019est le d\u00e9part !<\/a>\n\t\t\t\t\t\t\t\t\t\t\t<span class=\"post-date\">12 juin 2024<\/span>\n\t\t\t\t\t\t\t\t\t<\/li>\n\t\t\t\t\t\t\t\t\t\t\t<li>\n\t\t\t\t\t<a href=\"https:\/\/2malouins.com\/?p=1473\">Pression \ud83d\ude05<\/a>\n\t\t\t\t\t\t\t\t\t\t\t<span class=\"post-date\">11 juin 2024<\/span>\n\t\t\t\t\t\t\t\t\t<\/li>\n\t\t\t\t\t\t\t\t\t\t\t<li>\n\t\t\t\t\t<a href=\"https:\/\/2malouins.com\/?p=1401\">Nourriture !!!<\/a>\n\t\t\t\t\t\t\t\t\t\t\t<span class=\"post-date\">21 mai 2024<\/span>\n\t\t\t\t\t\t\t\t\t<\/li>\n\t\t\t\t\t\t\t\t\t\t\t<li>\n\t\t\t\t\t<a href=\"https:\/\/2malouins.com\/?p=1398\">Ah mais quel succ\u00e8s !<\/a>\n\t\t\t\t\t\t\t\t\t\t\t<span class=\"post-date\">15 mai 2024<\/span>\n\t\t\t\t\t\t\t\t\t<\/li>\n\t\t\t\t\t\t\t\t\t\t\t<li>\n\t\t\t\t\t<a href=\"https:\/\/2malouins.com\/?p=1383\">Le tailleur m\u2019a dit que j\u2019\u00e9tais un peu rond ! \ud83d\ude05<\/a>\n\t\t\t\t\t\t\t\t\t\t\t<span class=\"post-date\">12 mai 2024<\/span>\n\t\t\t\t\t\t\t\t\t<\/li>\n\t\t\t\t\t\t\t\t\t\t\t<li>\n\t\t\t\t\t<a href=\"https:\/\/2malouins.com\/?p=1379\">We&rsquo;ve tested the local food for you and only you!<\/a>\n\t\t\t\t\t\t\t\t\t\t\t<span class=\"post-date\">10 mai 2024<\/span>\n\t\t\t\t\t\t\t\t\t<\/li>\n\t\t\t\t\t\t\t\t\t\t\t<li>\n\t\t\t\t\t<a href=\"https:\/\/2malouins.com\/?p=1373\">La grande entrevue !<\/a>\n\t\t\t\t\t\t\t\t\t\t\t<span class=\"post-date\">10 mai 2024<\/span>\n\t\t\t\t\t\t\t\t\t<\/li>\n\t\t\t\t\t\t\t\t\t\t\t<li>\n\t\t\t\t\t<a href=\"https:\/\/2malouins.com\/?p=1370\">Devant l\u2019objet du d\u00e9sir !<\/a>\n\t\t\t\t\t\t\t\t\t\t\t<span class=\"post-date\">8 mai 2024<\/span>\n\t\t\t\t\t\t\t\t\t<\/li>\n\t\t\t\t\t\t\t\t\t\t\t<li>\n\t\t\t\t\t<a href=\"https:\/\/2malouins.com\/?p=1367\">L\u2019Ecosse est un monde \u00e0 part !<\/a>\n\t\t\t\t\t\t\t\t\t\t\t<span class=\"post-date\">8 mai 2024<\/span>\n\t\t\t\t\t\t\t\t\t<\/li>\n\t\t\t\t\t\t\t\t\t\t\t<li>\n\t\t\t\t\t<a href=\"https:\/\/2malouins.com\/?p=1364\">Dernier verre avant dodo ! On vous expliquera\u2026<\/a>\n\t\t\t\t\t\t\t\t\t\t\t<span class=\"post-date\">7 mai 2024<\/span>\n\t\t\t\t\t\t\t\t\t<\/li>\n\t\t\t\t\t\t\t\t\t\t\t<li>\n\t\t\t\t\t<a href=\"https:\/\/2malouins.com\/?p=1361\">Scary\u2026<\/a>\n\t\t\t\t\t\t\t\t\t\t\t<span class=\"post-date\">7 mai 2024<\/span>\n\t\t\t\t\t\t\t\t\t<\/li>\n\t\t\t\t\t\t\t\t\t\t\t<li>\n\t\t\t\t\t<a href=\"https:\/\/2malouins.com\/?p=1358\">Mythique !<\/a>\n\t\t\t\t\t\t\t\t\t\t\t<span class=\"post-date\">7 mai 2024<\/span>\n\t\t\t\t\t\t\t\t\t<\/li>\n\t\t\t\t\t\t\t\t\t\t\t<li>\n\t\t\t\t\t<a href=\"https:\/\/2malouins.com\/?p=1355\">Bien arriv\u00e9 et d\u00e9j\u00e0 un premier cadeau d\u2019un couple de fran\u00e7ais au d\u00e9part !<\/a>\n\t\t\t\t\t\t\t\t\t\t\t<span class=\"post-date\">7 mai 2024<\/span>\n\t\t\t\t\t\t\t\t\t<\/li>\n\t\t\t\t\t\t\t\t\t\t\t<li>\n\t\t\t\t\t<a href=\"https:\/\/2malouins.com\/?p=1351\">And now\u2026 The Tram !<\/a>\n\t\t\t\t\t\t\t\t\t\t\t<span class=\"post-date\">7 mai 2024<\/span>\n\t\t\t\t\t\t\t\t\t<\/li>\n\t\t\t\t\t\t\t\t\t\t\t<li>\n\t\t\t\t\t<a href=\"https:\/\/2malouins.com\/?p=1348\">D\u00e9collage ! \u2708\ufe0f<\/a>\n\t\t\t\t\t\t\t\t\t\t\t<span class=\"post-date\">7 mai 2024<\/span>\n\t\t\t\t\t\t\t\t\t<\/li>\n\t\t\t\t\t\t\t\t\t\t\t<li>\n\t\t\t\t\t<a href=\"https:\/\/2malouins.com\/?p=1345\">Embarquement imm\u00e9diat<\/a>\n\t\t\t\t\t\t\t\t\t\t\t<span class=\"post-date\">7 mai 2024<\/span>\n\t\t\t\t\t\t\t\t\t<\/li>\n\t\t\t\t\t\t\t\t\t\t\t<li>\n\t\t\t\t\t<a href=\"https:\/\/2malouins.com\/?p=1341\">C\u2019est parti !<\/a>\n\t\t\t\t\t\t\t\t\t\t\t<span class=\"post-date\">7 mai 2024<\/span>\n\t\t\t\t\t\t\t\t\t<\/li>\n\t\t\t\t\t\t\t\t\t\t\t<li>\n\t\t\t\t\t<a href=\"https:\/\/2malouins.com\/?p=1338\">Attention Passeport !<\/a>\n\t\t\t\t\t\t\t\t\t\t\t<span class=\"post-date\">5 mai 2024<\/span>\n\t\t\t\t\t\t\t\t\t<\/li>\n\t\t\t\t\t\t\t\t\t\t\t<li>\n\t\t\t\t\t<a href=\"https:\/\/2malouins.com\/?p=1332\">Se d\u00e9placer dans \u00c9dimbourg !<\/a>\n\t\t\t\t\t\t\t\t\t\t\t<span class=\"post-date\">3 mai 2024<\/span>\n\t\t\t\t\t\t\t\t\t<\/li>\n\t\t\t\t\t\t\t\t\t\t\t<li>\n\t\t\t\t\t<a href=\"https:\/\/2malouins.com\/?p=1329\">Welcome !<\/a>\n\t\t\t\t\t\t\t\t\t\t\t<span class=\"post-date\">1 mai 2024<\/span>\n\t\t\t\t\t\t\t\t\t<\/li>\n\t\t\t\t\t<\/ul>\n\n\t\t\t\t<\/div>\n\t\t\t\t<\/div>\n\t\t\t\t\t<\/div>\n\t\t<\/div>\n\t\t\t\t\t<\/div>\n\t\t<\/section>\n\t\t\t\t<section class=\"elementor-section elementor-top-section elementor-element elementor-element-86c7923 elementor-section-boxed elementor-section-height-default elementor-section-height-default\" data-id=\"86c7923\" data-element_type=\"section\">\n\t\t\t\t\t\t<div class=\"elementor-container elementor-column-gap-default\">\n\t\t\t\t\t<div class=\"elementor-column elementor-col-100 elementor-top-column elementor-element elementor-element-a81e689\" data-id=\"a81e689\" data-element_type=\"column\">\n\t\t\t<div class=\"elementor-widget-wrap elementor-element-populated\">\n\t\t\t\t\t\t<div class=\"elementor-element elementor-element-16b5265 elementor-widget-divider--view-line elementor-widget elementor-widget-divider\" data-id=\"16b5265\" data-element_type=\"widget\" data-widget_type=\"divider.default\">\n\t\t\t\t<div class=\"elementor-widget-container\">\n\t\t\t\t\t<div class=\"elementor-divider\">\n\t\t\t<span class=\"elementor-divider-separator\">\n\t\t\t\t\t\t<\/span>\n\t\t<\/div>\n\t\t\t\t<\/div>\n\t\t\t\t<\/div>\n\t\t\t\t\t<\/div>\n\t\t<\/div>\n\t\t\t\t\t<\/div>\n\t\t<\/section>\n\t\t\t\t<section class=\"elementor-section elementor-top-section elementor-element elementor-element-2ff8693 elementor-section-boxed elementor-section-height-default elementor-section-height-default\" data-id=\"2ff8693\" data-element_type=\"section\">\n\t\t\t\t\t\t<div class=\"elementor-container elementor-column-gap-default\">\n\t\t\t\t\t<div class=\"elementor-column elementor-col-100 elementor-top-column elementor-element elementor-element-d51c3a0\" data-id=\"d51c3a0\" data-element_type=\"column\">\n\t\t\t<div class=\"elementor-widget-wrap elementor-element-populated\">\n\t\t\t\t\t\t<div class=\"elementor-element elementor-element-1fc71e9 elementor-widget elementor-widget-wp-widget-recent-comments\" data-id=\"1fc71e9\" data-element_type=\"widget\" data-widget_type=\"wp-widget-recent-comments.default\">\n\t\t\t\t<div class=\"elementor-widget-container\">\n\t\t\t<h5>Commentaires r\u00e9cents<\/h5><ul id=\"recentcomments\"><li class=\"recentcomments\"><span class=\"comment-author-link\">Vall\u00e9e William<\/span> dans <a href=\"https:\/\/2malouins.com\/?p=1398#comment-17\">Ah mais quel succ\u00e8s !<\/a><\/li><li class=\"recentcomments\"><span class=\"comment-author-link\">Arnaud<\/span> dans <a href=\"https:\/\/2malouins.com\/?p=1338#comment-16\">Attention Passeport !<\/a><\/li><li class=\"recentcomments\"><span class=\"comment-author-link\">JB JOUHANNEAU<\/span> dans <a href=\"https:\/\/2malouins.com\/?p=1338#comment-15\">Attention Passeport !<\/a><\/li><\/ul>\t\t<\/div>\n\t\t\t\t<\/div>\n\t\t\t\t\t<\/div>\n\t\t<\/div>\n\t\t\t\t\t<\/div>\n\t\t<\/section>\n\t\t\t\t<\/div>\n\t\t","protected":false},"excerpt":{"rendered":"","protected":false},"author":1,"featured_media":0,"parent":0,"menu_order":0,"comment_status":"closed","ping_status":"closed","template":"elementor_header_footer","meta":{"_monsterinsights_skip_tracking":false,"_monsterinsights_sitenote_active":false,"_monsterinsights_sitenote_note":"","_monsterinsights_sitenote_category":0,"ocean_post_layout":"","ocean_both_sidebars_style":"","ocean_both_sidebars_content_width":0,"ocean_both_sidebars_sidebars_width":0,"ocean_sidebar":"","ocean_second_sidebar":"","ocean_disable_margins":"enable","ocean_add_body_class":"","ocean_shortcode_before_top_bar":"","ocean_shortcode_after_top_bar":"","ocean_shortcode_before_header":"","ocean_shortcode_after_header":"","ocean_has_shortcode":"","ocean_shortcode_after_title":"","ocean_shortcode_before_footer_widgets":"","ocean_shortcode_after_footer_widgets":"","ocean_shortcode_before_footer_bottom":"","ocean_shortcode_after_footer_bottom":"","ocean_display_top_bar":"default","ocean_display_header":"default","ocean_header_style":"","ocean_center_header_left_menu":"","ocean_custom_header_template":"","ocean_custom_logo":0,"ocean_custom_retina_logo":0,"ocean_custom_logo_max_width":0,"ocean_custom_logo_tablet_max_width":0,"ocean_custom_logo_mobile_max_width":0,"ocean_custom_logo_max_height":0,"ocean_custom_logo_tablet_max_height":0,"ocean_custom_logo_mobile_max_height":0,"ocean_header_custom_menu":"","ocean_menu_typo_font_family":"","ocean_menu_typo_font_subset":"","ocean_menu_typo_font_size":0,"ocean_menu_typo_font_size_tablet":0,"ocean_menu_typo_font_size_mobile":0,"ocean_menu_typo_font_size_unit":"px","ocean_menu_typo_font_weight":"","ocean_menu_typo_font_weight_tablet":"","ocean_menu_typo_font_weight_mobile":"","ocean_menu_typo_transform":"","ocean_menu_typo_transform_tablet":"","ocean_menu_typo_transform_mobile":"","ocean_menu_typo_line_height":0,"ocean_menu_typo_line_height_tablet":0,"ocean_menu_typo_line_height_mobile":0,"ocean_menu_typo_line_height_unit":"","ocean_menu_typo_spacing":0,"ocean_menu_typo_spacing_tablet":0,"ocean_menu_typo_spacing_mobile":0,"ocean_menu_typo_spacing_unit":"","ocean_menu_link_color":"","ocean_menu_link_color_hover":"","ocean_menu_link_color_active":"","ocean_menu_link_background":"","ocean_menu_link_hover_background":"","ocean_menu_link_active_background":"","ocean_menu_social_links_bg":"","ocean_menu_social_hover_links_bg":"","ocean_menu_social_links_color":"","ocean_menu_social_hover_links_color":"","ocean_disable_title":"default","ocean_disable_heading":"default","ocean_post_title":"","ocean_post_subheading":"","ocean_post_title_style":"","ocean_post_title_background_color":"","ocean_post_title_background":0,"ocean_post_title_bg_image_position":"","ocean_post_title_bg_image_attachment":"","ocean_post_title_bg_image_repeat":"","ocean_post_title_bg_image_size":"","ocean_post_title_height":0,"ocean_post_title_bg_overlay":0.5,"ocean_post_title_bg_overlay_color":"","ocean_disable_breadcrumbs":"default","ocean_breadcrumbs_color":"","ocean_breadcrumbs_separator_color":"","ocean_breadcrumbs_links_color":"","ocean_breadcrumbs_links_hover_color":"","ocean_display_footer_widgets":"default","ocean_display_footer_bottom":"default","ocean_custom_footer_template":"","footnotes":""},"class_list":["post-111","page","type-page","status-publish","hentry","entry"],"_links":{"self":[{"href":"https:\/\/2malouins.com\/index.php?rest_route=\/wp\/v2\/pages\/111","targetHints":{"allow":["GET"]}}],"collection":[{"href":"https:\/\/2malouins.com\/index.php?rest_route=\/wp\/v2\/pages"}],"about":[{"href":"https:\/\/2malouins.com\/index.php?rest_route=\/wp\/v2\/types\/page"}],"author":[{"embeddable":true,"href":"https:\/\/2malouins.com\/index.php?rest_route=\/wp\/v2\/users\/1"}],"replies":[{"embeddable":true,"href":"https:\/\/2malouins.com\/index.php?rest_route=%2Fwp%2Fv2%2Fcomments&post=111"}],"version-history":[{"count":39,"href":"https:\/\/2malouins.com\/index.php?rest_route=\/wp\/v2\/pages\/111\/revisions"}],"predecessor-version":[{"id":1326,"href":"https:\/\/2malouins.com\/index.php?rest_route=\/wp\/v2\/pages\/111\/revisions\/1326"}],"wp:attachment":[{"href":"https:\/\/2malouins.com\/index.php?rest_route=%2Fwp%2Fv2%2Fmedia&parent=111"}],"curies":[{"name":"wp","href":"https:\/\/api.w.org\/{rel}","templated":true}]}}